{"id":1967,"date":"2018-11-26T10:06:31","date_gmt":"2018-11-26T10:06:31","guid":{"rendered":"http:\/\/theorasite.org\/wptest\/?page_id=1967"},"modified":"2025-03-08T22:05:05","modified_gmt":"2025-03-08T21:05:05","slug":"cours-de-prise-de-vue","status":"publish","type":"page","link":"https:\/\/www.ansara-photo.com\/?page_id=1967","title":{"rendered":"Cours de Prise de Vue"},"content":{"rendered":"<div class=\"one\" >\n<div class=\"page_content_wrapper\">\n<div class=\"inner\">\n<div class=\"one_half\">\n<div class=\"image_classic_frame expand animate\">\n<div class=\"image_wrapper\"><a href=\"https:\/\/www.ansara-photo.com\/wp-content\/uploads\/DSC0052.jpg\" class=\"img_frame\"><img decoding=\"async\" src=\"https:\/\/www.ansara-photo.com\/wp-content\/uploads\/DSC0052.jpg\" alt=\"\" class=\"portfolio_img\"\/><\/a><\/div>\n<\/div>\n<\/div>\n<div class=\"one_half last content_middle animate\">\nJe propose des cours de technique de prise de vue argentique ou num\u00e9rique \u00e0 la demande, en fonction des sujets que vous souhaitez approfondir (bases de la composition, compr\u00e9hension des diff\u00e9rents modes de prise de vue, vitesse, profondeur de champs, sensibilit\u00e9, \u00e9clairage de studio).<\/p>\n<p>Une partie th\u00e9orique sera dispens\u00e9e en int\u00e9rieur avant de partir en ext\u00e9rieur pour la partie pratique.<br \/>\nLes cours peuvent \u00eatre individuels ou en tr\u00e8s petits groupes de 3-4 personnes maximum.Veuillez me contacter pour voir un devis qui sera calcul\u00e9 en fonction du nombre de participants.<\/p>\n<p>J&#8217;organise \u00e9galement des balades photographiques dans les Passages parisiens et autour du Street-Art dans le 13e arrondissement de Paris. Le but de ces balades est de vous habituer \u00e0 utiliser le mode manuel, et \u00e0 perfectionner la composition de vos images.<\/p><\/div>\n<p><br class=\"clear\"\/><\/div>\n<\/div>\n<\/div>\n","protected":false},"excerpt":{"rendered":"<p>Je propose des cours de technique de prise de vue argentique ou num\u00e9rique \u00e0 la demande, en fonction des sujets que vous souhaitez approfondir (bases de la composition, compr\u00e9hension des diff\u00e9rents modes de prise de vue, vitesse, profondeur de champs, sensibilit\u00e9, \u00e9clairage de studio). Une partie th\u00e9orique sera dispens\u00e9e en int\u00e9rieur avant de partir en [&hellip;]<\/p>\n","protected":false},"author":1,"featured_media":6153,"parent":0,"menu_order":0,"comment_status":"closed","ping_status":"closed","template":"","meta":{"footnotes":""},"class_list":["post-1967","page","type-page","status-publish","has-post-thumbnail","hentry"],"yoast_head":"<!-- This site is optimized with the Yoast SEO plugin v25.3.1 - https:\/\/yoast.com\/wordpress\/plugins\/seo\/ -->\n<title>Cours de Prise de Vue - Karin Ansara<\/title>\n<meta name=\"description\" content=\"Apprendre \u00e0 ma\u00eetriser son appareil photo et les bases techniques de la prise de vue. Cours dans un atelier photo du 12e \u00e0 Paris\" \/>\n<meta name=\"robots\" content=\"index, follow, max-snippet:-1, max-image-preview:large, max-video-preview:-1\" \/>\n<link rel=\"canonical\" href=\"https:\/\/www.ansara-photo.com\/?page_id=1967\" \/>\n<meta property=\"og:locale\" content=\"fr_FR\" \/>\n<meta property=\"og:type\" content=\"article\" \/>\n<meta property=\"og:title\" content=\"Cours de Prise de Vue - Karin Ansara\" \/>\n<meta property=\"og:description\" content=\"Apprendre \u00e0 ma\u00eetriser son appareil photo et les bases techniques de la prise de vue. Cours dans un atelier photo du 12e \u00e0 Paris\" \/>\n<meta property=\"og:url\" content=\"https:\/\/www.ansara-photo.com\/?page_id=1967\" \/>\n<meta property=\"og:site_name\" content=\"Karin Ansara\" \/>\n<meta property=\"article:modified_time\" content=\"2025-03-08T21:05:05+00:00\" \/>\n<meta property=\"og:image\" content=\"https:\/\/www.ansara-photo.com\/wp-content\/uploads\/DSC0042-1.jpg\" \/>\n\t<meta property=\"og:image:width\" content=\"664\" \/>\n\t<meta property=\"og:image:height\" content=\"1000\" \/>\n\t<meta property=\"og:image:type\" content=\"image\/jpeg\" \/>\n<meta name=\"twitter:card\" content=\"summary_large_image\" \/>\n<meta name=\"twitter:label1\" content=\"Dur\u00e9e de lecture estim\u00e9e\" \/>\n\t<meta name=\"twitter:data1\" content=\"1 minute\" \/>\n<script type=\"application\/ld+json\" class=\"yoast-schema-graph\">{\"@context\":\"https:\/\/schema.org\",\"@graph\":[{\"@type\":\"WebPage\",\"@id\":\"https:\/\/www.ansara-photo.com\/?page_id=1967\",\"url\":\"https:\/\/www.ansara-photo.com\/?page_id=1967\",\"name\":\"Cours de Prise de Vue - Karin Ansara\",\"isPartOf\":{\"@id\":\"https:\/\/www.ansara-photo.com\/#website\"},\"primaryImageOfPage\":{\"@id\":\"https:\/\/www.ansara-photo.com\/?page_id=1967#primaryimage\"},\"image\":{\"@id\":\"https:\/\/www.ansara-photo.com\/?page_id=1967#primaryimage\"},\"thumbnailUrl\":\"https:\/\/www.ansara-photo.com\/wp-content\/uploads\/DSC0042-1.jpg\",\"datePublished\":\"2018-11-26T10:06:31+00:00\",\"dateModified\":\"2025-03-08T21:05:05+00:00\",\"description\":\"Apprendre \u00e0 ma\u00eetriser son appareil photo et les bases techniques de la prise de vue. Cours dans un atelier photo du 12e \u00e0 Paris\",\"breadcrumb\":{\"@id\":\"https:\/\/www.ansara-photo.com\/?page_id=1967#breadcrumb\"},\"inLanguage\":\"fr-FR\",\"potentialAction\":[{\"@type\":\"ReadAction\",\"target\":[\"https:\/\/www.ansara-photo.com\/?page_id=1967\"]}]},{\"@type\":\"ImageObject\",\"inLanguage\":\"fr-FR\",\"@id\":\"https:\/\/www.ansara-photo.com\/?page_id=1967#primaryimage\",\"url\":\"https:\/\/www.ansara-photo.com\/wp-content\/uploads\/DSC0042-1.jpg\",\"contentUrl\":\"https:\/\/www.ansara-photo.com\/wp-content\/uploads\/DSC0042-1.jpg\",\"width\":664,\"height\":1000},{\"@type\":\"BreadcrumbList\",\"@id\":\"https:\/\/www.ansara-photo.com\/?page_id=1967#breadcrumb\",\"itemListElement\":[{\"@type\":\"ListItem\",\"position\":1,\"name\":\"Home\",\"item\":\"https:\/\/www.ansara-photo.com\/\"},{\"@type\":\"ListItem\",\"position\":2,\"name\":\"Cours de Prise de Vue\"}]},{\"@type\":\"WebSite\",\"@id\":\"https:\/\/www.ansara-photo.com\/#website\",\"url\":\"https:\/\/www.ansara-photo.com\/\",\"name\":\"www.ansara-photo.com\",\"description\":\"Photographe\",\"potentialAction\":[{\"@type\":\"SearchAction\",\"target\":{\"@type\":\"EntryPoint\",\"urlTemplate\":\"https:\/\/www.ansara-photo.com\/?s={search_term_string}\"},\"query-input\":{\"@type\":\"PropertyValueSpecification\",\"valueRequired\":true,\"valueName\":\"search_term_string\"}}],\"inLanguage\":\"fr-FR\"}]}<\/script>\n<!-- \/ Yoast SEO plugin. -->","yoast_head_json":{"title":"Cours de Prise de Vue - Karin Ansara","description":"Apprendre \u00e0 ma\u00eetriser son appareil photo et les bases techniques de la prise de vue. Cours dans un atelier photo du 12e \u00e0 Paris","robots":{"index":"index","follow":"follow","max-snippet":"max-snippet:-1","max-image-preview":"max-image-preview:large","max-video-preview":"max-video-preview:-1"},"canonical":"https:\/\/www.ansara-photo.com\/?page_id=1967","og_locale":"fr_FR","og_type":"article","og_title":"Cours de Prise de Vue - Karin Ansara","og_description":"Apprendre \u00e0 ma\u00eetriser son appareil photo et les bases techniques de la prise de vue. Cours dans un atelier photo du 12e \u00e0 Paris","og_url":"https:\/\/www.ansara-photo.com\/?page_id=1967","og_site_name":"Karin Ansara","article_modified_time":"2025-03-08T21:05:05+00:00","og_image":[{"width":664,"height":1000,"url":"https:\/\/www.ansara-photo.com\/wp-content\/uploads\/DSC0042-1.jpg","type":"image\/jpeg"}],"twitter_card":"summary_large_image","twitter_misc":{"Dur\u00e9e de lecture estim\u00e9e":"1 minute"},"schema":{"@context":"https:\/\/schema.org","@graph":[{"@type":"WebPage","@id":"https:\/\/www.ansara-photo.com\/?page_id=1967","url":"https:\/\/www.ansara-photo.com\/?page_id=1967","name":"Cours de Prise de Vue - Karin Ansara","isPartOf":{"@id":"https:\/\/www.ansara-photo.com\/#website"},"primaryImageOfPage":{"@id":"https:\/\/www.ansara-photo.com\/?page_id=1967#primaryimage"},"image":{"@id":"https:\/\/www.ansara-photo.com\/?page_id=1967#primaryimage"},"thumbnailUrl":"https:\/\/www.ansara-photo.com\/wp-content\/uploads\/DSC0042-1.jpg","datePublished":"2018-11-26T10:06:31+00:00","dateModified":"2025-03-08T21:05:05+00:00","description":"Apprendre \u00e0 ma\u00eetriser son appareil photo et les bases techniques de la prise de vue. Cours dans un atelier photo du 12e \u00e0 Paris","breadcrumb":{"@id":"https:\/\/www.ansara-photo.com\/?page_id=1967#breadcrumb"},"inLanguage":"fr-FR","potentialAction":[{"@type":"ReadAction","target":["https:\/\/www.ansara-photo.com\/?page_id=1967"]}]},{"@type":"ImageObject","inLanguage":"fr-FR","@id":"https:\/\/www.ansara-photo.com\/?page_id=1967#primaryimage","url":"https:\/\/www.ansara-photo.com\/wp-content\/uploads\/DSC0042-1.jpg","contentUrl":"https:\/\/www.ansara-photo.com\/wp-content\/uploads\/DSC0042-1.jpg","width":664,"height":1000},{"@type":"BreadcrumbList","@id":"https:\/\/www.ansara-photo.com\/?page_id=1967#breadcrumb","itemListElement":[{"@type":"ListItem","position":1,"name":"Home","item":"https:\/\/www.ansara-photo.com\/"},{"@type":"ListItem","position":2,"name":"Cours de Prise de Vue"}]},{"@type":"WebSite","@id":"https:\/\/www.ansara-photo.com\/#website","url":"https:\/\/www.ansara-photo.com\/","name":"www.ansara-photo.com","description":"Photographe","potentialAction":[{"@type":"SearchAction","target":{"@type":"EntryPoint","urlTemplate":"https:\/\/www.ansara-photo.com\/?s={search_term_string}"},"query-input":{"@type":"PropertyValueSpecification","valueRequired":true,"valueName":"search_term_string"}}],"inLanguage":"fr-FR"}]}},"_links":{"self":[{"href":"https:\/\/www.ansara-photo.com\/index.php?rest_route=\/wp\/v2\/pages\/1967","targetHints":{"allow":["GET"]}}],"collection":[{"href":"https:\/\/www.ansara-photo.com\/index.php?rest_route=\/wp\/v2\/pages"}],"about":[{"href":"https:\/\/www.ansara-photo.com\/index.php?rest_route=\/wp\/v2\/types\/page"}],"author":[{"embeddable":true,"href":"https:\/\/www.ansara-photo.com\/index.php?rest_route=\/wp\/v2\/users\/1"}],"replies":[{"embeddable":true,"href":"https:\/\/www.ansara-photo.com\/index.php?rest_route=%2Fwp%2Fv2%2Fcomments&post=1967"}],"version-history":[{"count":21,"href":"https:\/\/www.ansara-photo.com\/index.php?rest_route=\/wp\/v2\/pages\/1967\/revisions"}],"predecessor-version":[{"id":7038,"href":"https:\/\/www.ansara-photo.com\/index.php?rest_route=\/wp\/v2\/pages\/1967\/revisions\/7038"}],"wp:featuredmedia":[{"embeddable":true,"href":"https:\/\/www.ansara-photo.com\/index.php?rest_route=\/wp\/v2\/media\/6153"}],"wp:attachment":[{"href":"https:\/\/www.ansara-photo.com\/index.php?rest_route=%2Fwp%2Fv2%2Fmedia&parent=1967"}],"curies":[{"name":"wp","href":"https:\/\/api.w.org\/{rel}","templated":true}]}}