{"id":1592,"date":"2014-11-30T09:39:32","date_gmt":"2014-11-30T09:39:32","guid":{"rendered":"http:\/\/themes.themegoods.com\/vega\/demo\/?page_id=1524&#038;vegastyle=1"},"modified":"2023-10-11T13:59:50","modified_gmt":"2023-10-11T11:59:50","slug":"homepage","status":"publish","type":"page","link":"https:\/\/www.ansara-photo.com\/","title":{"rendered":"Homepage"},"content":{"rendered":"<div class=\"one\" >\n<div class=\"page_content_wrapper\">\n<div class=\"inner\">\n<h2 class=\"ppb_title\">Text, HTML and shortcode Content<\/h2>\n<div class=\"n2_clear\"><ss3-force-full-width data-overflow-x=\"body\" data-horizontal-selector=\"body\"><\/p>\n<div class=\"n2-section-smartslider fitvidsignore  n2_clear\" data-ssid=\"1\" tabindex=\"0\" role=\"region\" aria-label=\"Slider\">\n<div id=\"n2-ss-1-align\" class=\"n2-ss-align\">\n<div class=\"n2-padding\">\n<div id=\"n2-ss-1\" data-creator=\"Smart Slider 3\" data-responsive=\"fullwidth\" class=\"n2-ss-slider n2-ow n2-has-hover n2notransition  \">\n<div class=\"n2-ss-slider-wrapper-inside\">\n<div class=\"n2-ss-slider-1 n2_ss__touch_element n2-ow\">\n<div class=\"n2-ss-slider-2 n2-ow\">\n<div class=\"n2-ss-slider-3 n2-ow\">\n<div class=\"n2-ss-slide-backgrounds n2-ow-all\">\n<div class=\"n2-ss-slide-background\" data-public-id=\"1\" data-mode=\"fill\">\n<div class=\"n2-ss-slide-background-image\" data-blur=\"0\" data-opacity=\"100\" data-x=\"50\" data-y=\"50\" data-alt=\"\" data-title=\"\"><picture class=\"skip-lazy\" data-skip-lazy=\"1\"><img decoding=\"async\" src=\"\/\/www.ansara-photo.com\/wp-content\/uploads\/Ansara-Karin-Oaosis-islandais-10.jpg\" alt=\"\" title=\"\" loading=\"lazy\" class=\"skip-lazy\" data-skip-lazy=\"1\"><\/picture><\/div>\n<div data-color=\"RGBA(255,255,255,0)\" style=\"background-color: RGBA(255,255,255,0);\" class=\"n2-ss-slide-background-color\"><\/div>\n<\/div>\n<div class=\"n2-ss-slide-background\" data-public-id=\"2\" data-mode=\"fill\">\n<div class=\"n2-ss-slide-background-image\" data-blur=\"0\" data-opacity=\"100\" data-x=\"50\" data-y=\"50\" data-alt=\"\" data-title=\"\"><picture class=\"skip-lazy\" data-skip-lazy=\"1\"><img decoding=\"async\" src=\"\/\/www.ansara-photo.com\/wp-content\/uploads\/Ansara-Karin-Mont-Aiguille-12.jpg\" alt=\"\" title=\"\" loading=\"lazy\" class=\"skip-lazy\" data-skip-lazy=\"1\"><\/picture><\/div>\n<div data-color=\"RGBA(255,255,255,0)\" style=\"background-color: RGBA(255,255,255,0);\" class=\"n2-ss-slide-background-color\"><\/div>\n<\/div>\n<div class=\"n2-ss-slide-background\" data-public-id=\"3\" data-mode=\"fill\">\n<div class=\"n2-ss-slide-background-image\" data-blur=\"0\" data-opacity=\"100\" data-x=\"50\" data-y=\"50\" data-alt=\"\" data-title=\"\"><picture class=\"skip-lazy\" data-skip-lazy=\"1\"><img decoding=\"async\" src=\"\/\/www.ansara-photo.com\/wp-content\/uploads\/Ansara-Karin-Sur-la-pente-11.jpg\" alt=\"\" title=\"\" loading=\"lazy\" class=\"skip-lazy\" data-skip-lazy=\"1\"><\/picture><\/div>\n<div data-color=\"RGBA(255,255,255,0)\" style=\"background-color: RGBA(255,255,255,0);\" class=\"n2-ss-slide-background-color\"><\/div>\n<\/div>\n<\/div>\n<div class=\"n2-ss-slider-4 n2-ow\">\n                        <svg xmlns=\"http:\/\/www.w3.org\/2000\/svg\" viewBox=\"0 0 1200 800\" data-related-device=\"desktopPortrait\" class=\"n2-ow n2-ss-preserve-size n2-ss-preserve-size--slider n2-ss-slide-limiter\"><\/svg><\/p>\n<div data-first=\"1\" data-slide-duration=\"0\" data-id=\"6\" data-slide-public-id=\"1\" data-title=\"Ansara Karin-Oaosis islandais-10\" class=\"n2-ss-slide n2-ow  n2-ss-slide-6\">\n<div role=\"note\" class=\"n2-ss-slide--focus\" tabindex=\"-1\">Ansara Karin-Oaosis islandais-10<\/div>\n<div class=\"n2-ss-layers-container n2-ss-slide-limiter n2-ow\">\n<div class=\"n2-ss-layer n2-ow n-uc-WZ7IwGve1EAg\" data-sstype=\"slide\" data-pm=\"default\"><\/div>\n<\/div>\n<\/div>\n<div data-slide-duration=\"0\" data-id=\"7\" data-slide-public-id=\"2\" data-title=\"Ansara Karin-Mont Aiguille-12\" class=\"n2-ss-slide n2-ow  n2-ss-slide-7\">\n<div role=\"note\" class=\"n2-ss-slide--focus\" tabindex=\"-1\">Ansara Karin-Mont Aiguille-12<\/div>\n<div class=\"n2-ss-layers-container n2-ss-slide-limiter n2-ow\">\n<div class=\"n2-ss-layer n2-ow n-uc-3cKWYoMXwvzL\" data-sstype=\"slide\" data-pm=\"default\"><\/div>\n<\/div>\n<\/div>\n<div data-slide-duration=\"0\" data-id=\"8\" data-slide-public-id=\"3\" data-title=\"Ansara Karin-Sur la pente-11\" class=\"n2-ss-slide n2-ow  n2-ss-slide-8\">\n<div role=\"note\" class=\"n2-ss-slide--focus\" tabindex=\"-1\">Ansara Karin-Sur la pente-11<\/div>\n<div class=\"n2-ss-layers-container n2-ss-slide-limiter n2-ow\">\n<div class=\"n2-ss-layer n2-ow n-uc-4u81XG1YAM8U\" data-sstype=\"slide\" data-pm=\"default\"><\/div>\n<\/div>\n<\/div><\/div>\n<\/p><\/div>\n<\/p><\/div>\n<\/p><\/div>\n<div class=\"n2-ss-slider-controls n2-ss-slider-controls-absolute-center-bottom\">\n<div style=\"--widget-offset:5px;\" class=\"n2-ss-widget n2-ss-control-bullet n2-ow-all n2-ss-control-bullet-horizontal\">\n<div class=\" nextend-bullet-bar n2-bar-justify-content-center\">\n<div class=\"n2-bullet n2-style-37b83350d88fb82e7ea26e8ad7887167-dot \" style=\"visibility:hidden;\"><\/div>\n<\/div>\n<\/div>\n<\/div>\n<\/div>\n<\/div>\n<p><ss3-loader><\/ss3-loader><\/div>\n<\/div>\n<div class=\"n2_clear\"><\/div>\n<\/div>\n<p><\/ss3-force-full-width><\/div>\n<div style=\"text-align: center;padding-top:20px\">\nJe suis photographe \u00e0 Paris.<br \/>\nBienvenue sur mon site qui vous pr\u00e9sente diff\u00e9rents aspects mon travail, photos d&#8217;architecture, paysages, portraits,<br \/>\net mes exp\u00e9rimentations, que ce soit \u00e0 la prise de vue (ICM) ou en labo (papiers sal\u00e9s et cyanotypes).<br \/>\nVous trouverez \u00e9galement une offre de cours de techniques de laboratoire argentique noir et blanc<br \/>\n(d\u00e9veloppement et tirage).<br \/>\nEn cliquant sur les diff\u00e9rentes vignettes, vous acc\u00e9derez \u00e0 mes diff\u00e9rentes galeries.<br \/>\nToutes les photos publi\u00e9es sur ce site sont prot\u00e9g\u00e9es par un copyright.<\/p>\n<p>Mon site est actuellement en refonte compl\u00e8te&#8230;il sera tr\u00e8s prochainement plus complet et plus op\u00e9rationnel !\n<\/p>\n<\/div>\n<\/div>\n<\/div>\n<\/div>\n<div class=\"one\" >\n<div class=\"page_content_wrapper\">\n<div class=\"inner\">\n<h2 class=\"ppb_title\">Text, HTML and shortcode Content<\/h2>\n<div class=\"n2_clear\"><ss3-force-full-width data-overflow-x=\"body\" data-horizontal-selector=\"body\"><\/p>\n<div class=\"n2-section-smartslider fitvidsignore  n2_clear\" data-ssid=\"1\" tabindex=\"0\" role=\"region\" aria-label=\"Slider\">\n<div id=\"n2-ss-1-align\" class=\"n2-ss-align\">\n<div class=\"n2-padding\">\n<div id=\"n2-ss-1\" data-creator=\"Smart Slider 3\" data-responsive=\"fullwidth\" class=\"n2-ss-slider n2-ow n2-has-hover n2notransition  \">\n<div class=\"n2-ss-slider-wrapper-inside\">\n<div class=\"n2-ss-slider-1 n2_ss__touch_element n2-ow\">\n<div class=\"n2-ss-slider-2 n2-ow\">\n<div class=\"n2-ss-slider-3 n2-ow\">\n<div class=\"n2-ss-slide-backgrounds n2-ow-all\">\n<div class=\"n2-ss-slide-background\" data-public-id=\"1\" data-mode=\"fill\">\n<div class=\"n2-ss-slide-background-image\" data-blur=\"0\" data-opacity=\"100\" data-x=\"50\" data-y=\"50\" data-alt=\"\" data-title=\"\"><picture class=\"skip-lazy\" data-skip-lazy=\"1\"><img decoding=\"async\" src=\"\/\/www.ansara-photo.com\/wp-content\/uploads\/Ansara-Karin-Oaosis-islandais-10.jpg\" alt=\"\" title=\"\" loading=\"lazy\" class=\"skip-lazy\" data-skip-lazy=\"1\"><\/picture><\/div>\n<div data-color=\"RGBA(255,255,255,0)\" style=\"background-color: RGBA(255,255,255,0);\" class=\"n2-ss-slide-background-color\"><\/div>\n<\/div>\n<div class=\"n2-ss-slide-background\" data-public-id=\"2\" data-mode=\"fill\">\n<div class=\"n2-ss-slide-background-image\" data-blur=\"0\" data-opacity=\"100\" data-x=\"50\" data-y=\"50\" data-alt=\"\" data-title=\"\"><picture class=\"skip-lazy\" data-skip-lazy=\"1\"><img decoding=\"async\" src=\"\/\/www.ansara-photo.com\/wp-content\/uploads\/Ansara-Karin-Mont-Aiguille-12.jpg\" alt=\"\" title=\"\" loading=\"lazy\" class=\"skip-lazy\" data-skip-lazy=\"1\"><\/picture><\/div>\n<div data-color=\"RGBA(255,255,255,0)\" style=\"background-color: RGBA(255,255,255,0);\" class=\"n2-ss-slide-background-color\"><\/div>\n<\/div>\n<div class=\"n2-ss-slide-background\" data-public-id=\"3\" data-mode=\"fill\">\n<div class=\"n2-ss-slide-background-image\" data-blur=\"0\" data-opacity=\"100\" data-x=\"50\" data-y=\"50\" data-alt=\"\" data-title=\"\"><picture class=\"skip-lazy\" data-skip-lazy=\"1\"><img decoding=\"async\" src=\"\/\/www.ansara-photo.com\/wp-content\/uploads\/Ansara-Karin-Sur-la-pente-11.jpg\" alt=\"\" title=\"\" loading=\"lazy\" class=\"skip-lazy\" data-skip-lazy=\"1\"><\/picture><\/div>\n<div data-color=\"RGBA(255,255,255,0)\" style=\"background-color: RGBA(255,255,255,0);\" class=\"n2-ss-slide-background-color\"><\/div>\n<\/div>\n<\/div>\n<div class=\"n2-ss-slider-4 n2-ow\">\n                        <svg xmlns=\"http:\/\/www.w3.org\/2000\/svg\" viewBox=\"0 0 1200 800\" data-related-device=\"desktopPortrait\" class=\"n2-ow n2-ss-preserve-size n2-ss-preserve-size--slider n2-ss-slide-limiter\"><\/svg><\/p>\n<div data-first=\"1\" data-slide-duration=\"0\" data-id=\"6\" data-slide-public-id=\"1\" data-title=\"Ansara Karin-Oaosis islandais-10\" class=\"n2-ss-slide n2-ow  n2-ss-slide-6\">\n<div role=\"note\" class=\"n2-ss-slide--focus\" tabindex=\"-1\">Ansara Karin-Oaosis islandais-10<\/div>\n<div class=\"n2-ss-layers-container n2-ss-slide-limiter n2-ow\">\n<div class=\"n2-ss-layer n2-ow n-uc-WZ7IwGve1EAg\" data-sstype=\"slide\" data-pm=\"default\"><\/div>\n<\/div>\n<\/div>\n<div data-slide-duration=\"0\" data-id=\"7\" data-slide-public-id=\"2\" data-title=\"Ansara Karin-Mont Aiguille-12\" class=\"n2-ss-slide n2-ow  n2-ss-slide-7\">\n<div role=\"note\" class=\"n2-ss-slide--focus\" tabindex=\"-1\">Ansara Karin-Mont Aiguille-12<\/div>\n<div class=\"n2-ss-layers-container n2-ss-slide-limiter n2-ow\">\n<div class=\"n2-ss-layer n2-ow n-uc-3cKWYoMXwvzL\" data-sstype=\"slide\" data-pm=\"default\"><\/div>\n<\/div>\n<\/div>\n<div data-slide-duration=\"0\" data-id=\"8\" data-slide-public-id=\"3\" data-title=\"Ansara Karin-Sur la pente-11\" class=\"n2-ss-slide n2-ow  n2-ss-slide-8\">\n<div role=\"note\" class=\"n2-ss-slide--focus\" tabindex=\"-1\">Ansara Karin-Sur la pente-11<\/div>\n<div class=\"n2-ss-layers-container n2-ss-slide-limiter n2-ow\">\n<div class=\"n2-ss-layer n2-ow n-uc-4u81XG1YAM8U\" data-sstype=\"slide\" data-pm=\"default\"><\/div>\n<\/div>\n<\/div><\/div>\n<\/p><\/div>\n<\/p><\/div>\n<\/p><\/div>\n<div class=\"n2-ss-slider-controls n2-ss-slider-controls-absolute-center-bottom\">\n<div style=\"--widget-offset:5px;\" class=\"n2-ss-widget n2-ss-control-bullet n2-ow-all n2-ss-control-bullet-horizontal\">\n<div class=\" nextend-bullet-bar n2-bar-justify-content-center\">\n<div class=\"n2-bullet n2-style-37b83350d88fb82e7ea26e8ad7887167-dot \" style=\"visibility:hidden;\"><\/div>\n<\/div>\n<\/div>\n<\/div>\n<\/div>\n<\/div>\n<p><ss3-loader><\/ss3-loader><\/div>\n<\/div>\n<div class=\"n2_clear\"><\/div>\n<\/div>\n<p><\/ss3-force-full-width><\/div>\n<div style=\"text-align: center;padding-top:20px\">\nJe suis photographe \u00e0 Paris.<br \/>\nBienvenue sur mon site qui vous pr\u00e9sente diff\u00e9rents aspects mon travail, photos d&#8217;architecture, paysages, portraits,<br \/>\net mes exp\u00e9rimentations, que ce soit \u00e0 la prise de vue (ICM) ou en labo (papiers sal\u00e9s et cyanotypes).<br \/>\nVous trouverez \u00e9galement une offre de cours de techniques de laboratoire argentique noir et blanc<br \/>\n(d\u00e9veloppement et tirage).<br \/>\nEn cliquant sur les diff\u00e9rentes vignettes, vous acc\u00e9derez \u00e0 mes diff\u00e9rentes galeries.<br \/>\nToutes les photos publi\u00e9es sur ce site sont prot\u00e9g\u00e9es par un copyright.<\/p>\n<p>Mon site est actuellement en refonte compl\u00e8te&#8230;il sera tr\u00e8s prochainement plus complet et plus op\u00e9rationnel !\n<\/p>\n<\/div>\n<\/div>\n<\/div>\n<\/div>\n","protected":false},"excerpt":{"rendered":"<p>Text, HTML and shortcode Content Ansara Karin-Oaosis islandais-10 Ansara Karin-Mont Aiguille-12 Ansara Karin-Sur la pente-11 Je suis photographe \u00e0 Paris. Bienvenue sur mon site qui vous pr\u00e9sente diff\u00e9rents aspects mon travail, photos d&#8217;architecture, paysages, portraits, et mes exp\u00e9rimentations, que ce soit \u00e0 la prise de vue (ICM) ou en labo (papiers sal\u00e9s et cyanotypes). Vous [&hellip;]<\/p>\n","protected":false},"author":1,"featured_media":0,"parent":0,"menu_order":0,"comment_status":"closed","ping_status":"open","template":"","meta":{"footnotes":""},"class_list":["post-1592","page","type-page","status-publish","hentry"],"yoast_head":"<!-- This site is optimized with the Yoast SEO plugin v25.3.1 - https:\/\/yoast.com\/wordpress\/plugins\/seo\/ -->\n<title>Homepage - Karin Ansara<\/title>\n<meta name=\"robots\" content=\"index, follow, max-snippet:-1, max-image-preview:large, max-video-preview:-1\" \/>\n<link rel=\"canonical\" href=\"https:\/\/www.ansara-photo.com\/\" \/>\n<meta property=\"og:locale\" content=\"fr_FR\" \/>\n<meta property=\"og:type\" content=\"article\" \/>\n<meta property=\"og:title\" content=\"Homepage - Karin Ansara\" \/>\n<meta property=\"og:description\" content=\"Text, HTML and shortcode Content Ansara Karin-Oaosis islandais-10 Ansara Karin-Mont Aiguille-12 Ansara Karin-Sur la pente-11 Je suis photographe \u00e0 Paris. Bienvenue sur mon site qui vous pr\u00e9sente diff\u00e9rents aspects mon travail, photos d&#8217;architecture, paysages, portraits, et mes exp\u00e9rimentations, que ce soit \u00e0 la prise de vue (ICM) ou en labo (papiers sal\u00e9s et cyanotypes). Vous [&hellip;]\" \/>\n<meta property=\"og:url\" content=\"https:\/\/www.ansara-photo.com\/\" \/>\n<meta property=\"og:site_name\" content=\"Karin Ansara\" \/>\n<meta property=\"article:modified_time\" content=\"2023-10-11T11:59:50+00:00\" \/>\n<meta name=\"twitter:card\" content=\"summary_large_image\" \/>\n<meta name=\"twitter:label1\" content=\"Dur\u00e9e de lecture estim\u00e9e\" \/>\n\t<meta name=\"twitter:data1\" content=\"1 minute\" \/>\n<script type=\"application\/ld+json\" class=\"yoast-schema-graph\">{\"@context\":\"https:\/\/schema.org\",\"@graph\":[{\"@type\":\"WebPage\",\"@id\":\"https:\/\/www.ansara-photo.com\/\",\"url\":\"https:\/\/www.ansara-photo.com\/\",\"name\":\"Homepage - Karin Ansara\",\"isPartOf\":{\"@id\":\"https:\/\/www.ansara-photo.com\/#website\"},\"datePublished\":\"2014-11-30T09:39:32+00:00\",\"dateModified\":\"2023-10-11T11:59:50+00:00\",\"breadcrumb\":{\"@id\":\"https:\/\/www.ansara-photo.com\/#breadcrumb\"},\"inLanguage\":\"fr-FR\",\"potentialAction\":[{\"@type\":\"ReadAction\",\"target\":[\"https:\/\/www.ansara-photo.com\/\"]}]},{\"@type\":\"BreadcrumbList\",\"@id\":\"https:\/\/www.ansara-photo.com\/#breadcrumb\",\"itemListElement\":[{\"@type\":\"ListItem\",\"position\":1,\"name\":\"Home\",\"item\":\"https:\/\/www.ansara-photo.com\/\"},{\"@type\":\"ListItem\",\"position\":2,\"name\":\"Homepage\"}]},{\"@type\":\"WebSite\",\"@id\":\"https:\/\/www.ansara-photo.com\/#website\",\"url\":\"https:\/\/www.ansara-photo.com\/\",\"name\":\"www.ansara-photo.com\",\"description\":\"Photographe\",\"potentialAction\":[{\"@type\":\"SearchAction\",\"target\":{\"@type\":\"EntryPoint\",\"urlTemplate\":\"https:\/\/www.ansara-photo.com\/?s={search_term_string}\"},\"query-input\":{\"@type\":\"PropertyValueSpecification\",\"valueRequired\":true,\"valueName\":\"search_term_string\"}}],\"inLanguage\":\"fr-FR\"}]}<\/script>\n<!-- \/ Yoast SEO plugin. -->","yoast_head_json":{"title":"Homepage - Karin Ansara","robots":{"index":"index","follow":"follow","max-snippet":"max-snippet:-1","max-image-preview":"max-image-preview:large","max-video-preview":"max-video-preview:-1"},"canonical":"https:\/\/www.ansara-photo.com\/","og_locale":"fr_FR","og_type":"article","og_title":"Homepage - Karin Ansara","og_description":"Text, HTML and shortcode Content Ansara Karin-Oaosis islandais-10 Ansara Karin-Mont Aiguille-12 Ansara Karin-Sur la pente-11 Je suis photographe \u00e0 Paris. Bienvenue sur mon site qui vous pr\u00e9sente diff\u00e9rents aspects mon travail, photos d&#8217;architecture, paysages, portraits, et mes exp\u00e9rimentations, que ce soit \u00e0 la prise de vue (ICM) ou en labo (papiers sal\u00e9s et cyanotypes). Vous [&hellip;]","og_url":"https:\/\/www.ansara-photo.com\/","og_site_name":"Karin Ansara","article_modified_time":"2023-10-11T11:59:50+00:00","twitter_card":"summary_large_image","twitter_misc":{"Dur\u00e9e de lecture estim\u00e9e":"1 minute"},"schema":{"@context":"https:\/\/schema.org","@graph":[{"@type":"WebPage","@id":"https:\/\/www.ansara-photo.com\/","url":"https:\/\/www.ansara-photo.com\/","name":"Homepage - Karin Ansara","isPartOf":{"@id":"https:\/\/www.ansara-photo.com\/#website"},"datePublished":"2014-11-30T09:39:32+00:00","dateModified":"2023-10-11T11:59:50+00:00","breadcrumb":{"@id":"https:\/\/www.ansara-photo.com\/#breadcrumb"},"inLanguage":"fr-FR","potentialAction":[{"@type":"ReadAction","target":["https:\/\/www.ansara-photo.com\/"]}]},{"@type":"BreadcrumbList","@id":"https:\/\/www.ansara-photo.com\/#breadcrumb","itemListElement":[{"@type":"ListItem","position":1,"name":"Home","item":"https:\/\/www.ansara-photo.com\/"},{"@type":"ListItem","position":2,"name":"Homepage"}]},{"@type":"WebSite","@id":"https:\/\/www.ansara-photo.com\/#website","url":"https:\/\/www.ansara-photo.com\/","name":"www.ansara-photo.com","description":"Photographe","potentialAction":[{"@type":"SearchAction","target":{"@type":"EntryPoint","urlTemplate":"https:\/\/www.ansara-photo.com\/?s={search_term_string}"},"query-input":{"@type":"PropertyValueSpecification","valueRequired":true,"valueName":"search_term_string"}}],"inLanguage":"fr-FR"}]}},"_links":{"self":[{"href":"https:\/\/www.ansara-photo.com\/index.php?rest_route=\/wp\/v2\/pages\/1592","targetHints":{"allow":["GET"]}}],"collection":[{"href":"https:\/\/www.ansara-photo.com\/index.php?rest_route=\/wp\/v2\/pages"}],"about":[{"href":"https:\/\/www.ansara-photo.com\/index.php?rest_route=\/wp\/v2\/types\/page"}],"author":[{"embeddable":true,"href":"https:\/\/www.ansara-photo.com\/index.php?rest_route=\/wp\/v2\/users\/1"}],"replies":[{"embeddable":true,"href":"https:\/\/www.ansara-photo.com\/index.php?rest_route=%2Fwp%2Fv2%2Fcomments&post=1592"}],"version-history":[{"count":274,"href":"https:\/\/www.ansara-photo.com\/index.php?rest_route=\/wp\/v2\/pages\/1592\/revisions"}],"predecessor-version":[{"id":6891,"href":"https:\/\/www.ansara-photo.com\/index.php?rest_route=\/wp\/v2\/pages\/1592\/revisions\/6891"}],"wp:attachment":[{"href":"https:\/\/www.ansara-photo.com\/index.php?rest_route=%2Fwp%2Fv2%2Fmedia&parent=1592"}],"curies":[{"name":"wp","href":"https:\/\/api.w.org\/{rel}","templated":true}]}}