{"id":1573,"date":"2014-11-17T08:20:38","date_gmt":"2014-11-17T08:20:38","guid":{"rendered":"http:\/\/themes.themegoods.com\/vega\/demo\/?page_id=1386"},"modified":"2026-03-29T21:44:23","modified_gmt":"2026-03-29T19:44:23","slug":"expositions","status":"publish","type":"page","link":"https:\/\/www.ansara-photo.com\/?page_id=1573","title":{"rendered":"Expositions"},"content":{"rendered":"\t\t<div data-elementor-type=\"wp-page\" data-elementor-id=\"1573\" class=\"elementor elementor-1573\">\n\t\t\t\t<div class=\"elementor-element elementor-element-70671a84 e-flex e-con-boxed e-con e-parent\" data-id=\"70671a84\" data-element_type=\"container\" data-e-type=\"container\">\n\t\t\t\t\t<div class=\"e-con-inner\">\n\t\t\t\t<div class=\"elementor-element elementor-element-7f6f1bf8 elementor-widget elementor-widget-text-editor\" data-id=\"7f6f1bf8\" data-element_type=\"widget\" data-e-type=\"widget\" data-widget_type=\"text-editor.default\">\n\t\t\t\t<div class=\"elementor-widget-container\">\n\t\t\t\t\t\t\t\t\t<p><strong>EXPOSITIONS PERSONNELLES<br \/><\/strong><strong>Janvier-avril 2025<\/strong> : \u00ab\u00a0Singularit\u00e9s islandaises\u00a0\u00bb \u00e0 l&rsquo;Institut Mutualiste Montsouris, Paris 14e<br \/><strong>Mars 2019<\/strong> : \u00ab\u00a0Portraits de femmes\u00a0\u00bb au bar \u00e0 vin La Treille d&rsquo;Hypathie \u00e0 Vanves<br \/><strong>Printemps 2016<\/strong> : \u00ab\u00a0Singularit\u00e9s islandaises\u00a0\u00bb au restaurant La Girafe \u00e0 Vanves<br \/><strong>Printemps 2013<\/strong> : \u00ab\u00a0Sous la peau\u00a0\u00bb \u00e0 la Mairie de Paris 13e<br \/><strong>Automne 2013<\/strong> : \u00ab\u00a0Balades al\u00e9atoires\u00a0\u00bb \u00e0 la librairie Les Lettres du Temps, Paris 13e<br \/><strong><br \/>EXPOSITIONS COLLECTIVES<br \/><\/strong><strong>Avril 2026 : <\/strong>Balades Alternatives \u00e0 la galerie du Fil Rouge, Paris 13e avec le collectif TAMA<br \/><strong>Janvier 2026 :<\/strong><br \/>\u00a0&#8211;\u00a0 Concours Photos Fil Rouge \u00ab\u00a0Entre-Deux\u00a0\u00bb, Galerie Fil Rouge, Paris 13e (prix du public)<br \/>\u00a0&#8211; \u00ab\u00a0Mirages &amp; Instantan\u00e9s\u00a0\u00bb (proc\u00e9d\u00e9s photogaphiques historiques), galerie Openbach, Vincennes<strong><br \/>Octobre 2025 : <\/strong>Portes ouvertes des ateliers d&rsquo;artistes de Montreuil avec le collectif TAMA<strong><br \/><\/strong><strong>Septembre 2025<\/strong> : 1\u00e8re Journ\u00e9e Nationale des Artistes \u00e0 la Galerie LN, Paris 10e<br \/><strong>Juillet 2022<\/strong> : \u00ab\u00a0Archimerik\u00a0\u00bb \u00e0 l&rsquo;Espace Voltaire, Paris 11e<br \/><strong>Mars 2022<\/strong> : \u00ab\u00a0Couleurs\u00a0\u00bb au bar \u00e0 vin La Treille d&rsquo;Hypathie \u00e0 Vanves avec le collectif Femin&rsquo;Art<br \/><strong>Novembre 2021<\/strong> : \u00ab\u00a0Balades alternatives\u00a0\u00bb au Paradol, Caf\u00e9 Culturel \u00e0 Paris 14e avec le collectif Femin&rsquo;Art<br \/><strong>Juillet 2020 : <\/strong>Lil&rsquo;Art avec le collectif Femin&rsquo;Art aux Lilas<br \/><strong>D\u00e9cembre 2018<\/strong> : \u00ab\u00a0Format de Poche\u00a0\u00bb \u00e0 Montreuil avec le collectif d&rsquo;artiste plasticiens \u00ab\u00a0Tu Veux ou Tu Voeux Pas\u00a0\u00bb<br \/><strong>F\u00e9vrier 2018<\/strong> : Expositions sur le th\u00e8me \u00ab\u00a0Partir\u00a0\u00bb avec le collectif d&rsquo;artistes plasticiens de Montreuil<br \/><strong>F\u00e9vrier 2017<\/strong> : Exposition \u00ab\u00a0les Artistes Solidaires\u00a0\u00bb organis\u00e9e par le Secours Populaire, \u00e0 l&rsquo;Eglise St-Sauveur de Caen<\/p><p><strong>SELECTIONS DANS DES SALONS OU FESTIVALS<br \/>Juillet 2026 :<\/strong> 9e Rencontres Photographiques du Tri\u00e8ves<strong><br \/>F\u00e9vrier 2026: <\/strong>2\u00e8me Festival de photographie de Fontenay-Tr\u00e9signy (invit\u00e9e d&rsquo;honneur)<strong><br \/>Janvier 2026: <\/strong>42\u00e8me Salon des Arts de Saint-Maurice<strong><br \/><\/strong><strong>D\u00e9cembre 2025 : <\/strong>72\u00e8me Salon de Charenton<br \/><strong>Novembre 2025 :<br \/><\/strong>\u00a0&#8211;\u00a0 2\u00e8me Salon de la Photo d&rsquo;Orly<br \/>\u00a0&#8211;\u00a0 10\u00e8me Salon de la Photographie de Montgeron. Th\u00e8me \u00ab L\u2019humain dans l\u2019architecture \u00bb<strong><br \/><\/strong><strong>Mars 2025: <\/strong>41\u00e8me Salon des Arts de Saint-Maurice<strong><br \/><\/strong><strong>F\u00e9vrier 2025 : <\/strong>1er Festival de photographie de Fontenay-Tr\u00e9signy<strong><br \/><\/strong><strong>Janvier 2025 :<\/strong> 49\u00e8me Salon Art et Mati\u00e8res \u00e0 Prunay-sur-Essonne<strong><br \/><\/strong><strong>D\u00e9cembre 2024 : <\/strong>71\u00e8me Salon de Charenton<strong><br \/><\/strong><strong>Novembre 2024 : <\/strong>1er Mois de la Photo d&rsquo;Orly<strong><br \/><\/strong><strong>Et\u00e9 2024 : <\/strong>7\u00e8me\u00a0 Rencontres Photographiques du Tri\u00e8ves<strong><br \/><\/strong><strong>Avril 2024 :<\/strong> 33\u00e8me Salon d&rsquo;Art d&rsquo;Angerville<br \/><strong>Mars 2024 :<\/strong> 4\u00e8me Biennale de la Photographie de Paris 13e<br \/><strong>Janvier 2024 :<\/strong> 70\u00e8me Salon de Charenton<br \/><strong>Janvier 2024 :<\/strong> 40\u00e8me Salon des Arts de Saint-Maurice<br \/><strong>Mars 2022<\/strong> : Rencontres artistiques de Villecresnes<br \/><strong>Janvier 2022<\/strong> : Salon Art et Mati\u00e8re \u00e0 Prunay-sur-Essonne. Prix du jury pour ma photo \u00ab\u00a0Sur la pente\u00a0\u00bb<br \/><strong>Et\u00e9 2021<\/strong> : \u00ab\u00a0Singularit\u00e9s islandaises\u00a0\u00bb au Comptoir des G\u00e9ants \u00e0 Saint-Maurice-en-Tri\u00e8ves dans le cadre des Rencontres Photographiques du Tri\u00e8ves<br \/><strong>Novembre 2020 :<\/strong> Biennale de photographie de Maisons-Laffitte<br \/><strong>Juillet 2020<\/strong> : S\u00e9rie \u00ab\u00a0Trac\u00e9s grecs\u00a0\u00bb au Festival de photographie \u00ab\u00a0Chemins de Photos\u00a0\u00bb dans la r\u00e9gion de Castelnaudary<br \/><strong>Novembre 2019<\/strong> : 5\u00e8me Salon de la photographie de Montgeron. Th\u00e8me de l&rsquo;exposition : \u00ab\u00a0L&rsquo;eau\u00a0\u00bb<br \/><strong>Septembre 2019:<\/strong> Festinature de Rambouillet<br \/><strong>Juillet 2019<\/strong> : 6\u00e8me Salon National d&rsquo;Art Photographique de Selles-sur-Cher<br \/><strong>Juin 2019<\/strong> : Salon photographique de Chartres<br \/><strong>Avril 2019<\/strong> : 2\u00e8me Salon de la Photo de la Mairie de Paris 13\u00e8me<br \/><strong>Novembre 2018<\/strong> : 4\u00e8me Salon de la photographie de Montgeron. Th\u00e8me de l&rsquo;exposition : \u00ab\u00a0La photographie raconte la ville\u00a0\u00bb<br \/><strong>Juin 2018<\/strong> : Salon photographique de Chartres <br \/><strong>Novembre 2017<\/strong> : Une photo laur\u00e9ate au concours du Festival de Photo Nature de Montier-en-Der<br \/><strong>Novembre 2017<\/strong> : 3\u00e8me Salon de la photographie de Montgeron. Th\u00e8me : \u00ab\u00a0L&rsquo;humain dans son environnement\u00a0\u00bb<br \/><strong>Septembre 2017<\/strong> : Salon de la photographie de St-Germain-en-Corbeil<br \/><strong>Juin 2017<\/strong> : 5\u00e8me Salon National d&rsquo;Art Photographique de Selles-sur-Cher <br \/><strong>Novembre 2016<\/strong> : 1er Salon de la Photo de la Mairie de Paris 13\u00e8me<\/p><p><strong>MARCHES DE L&rsquo;ART<br \/><\/strong><strong>Juin 2023 <\/strong>: March\u00e9 de l&rsquo;Art de Saint-Germain-en-Laye<br \/><strong>Mai 2023<\/strong> : March\u00e9 de l&rsquo;Art de S\u00e8vres<\/p><p><!-- \/wp:paragraph --><\/p><div>\u00a0<\/div><div>\u00a0<\/div>\t\t\t\t\t\t\t\t<\/div>\n\t\t\t\t<\/div>\n\t\t\t\t\t<\/div>\n\t\t\t\t<\/div>\n\t\t\t\t<\/div>\n\t\t","protected":false},"excerpt":{"rendered":"<p>EXPOSITIONS PERSONNELLESJanvier-avril 2025 : \u00ab\u00a0Singularit\u00e9s islandaises\u00a0\u00bb \u00e0 l&rsquo;Institut Mutualiste Montsouris, Paris 14eMars 2019 : \u00ab\u00a0Portraits de femmes\u00a0\u00bb au bar \u00e0 vin La Treille d&rsquo;Hypathie \u00e0 VanvesPrintemps 2016 : \u00ab\u00a0Singularit\u00e9s islandaises\u00a0\u00bb au restaurant La Girafe \u00e0 VanvesPrintemps 2013 : \u00ab\u00a0Sous la peau\u00a0\u00bb \u00e0 la Mairie de Paris 13eAutomne 2013 : \u00ab\u00a0Balades al\u00e9atoires\u00a0\u00bb \u00e0 la librairie Les [&hellip;]<\/p>\n","protected":false},"author":1,"featured_media":0,"parent":0,"menu_order":0,"comment_status":"open","ping_status":"open","template":"page_f.php","meta":{"footnotes":""},"class_list":["post-1573","page","type-page","status-publish","hentry"],"yoast_head":"<!-- This site is optimized with the Yoast SEO plugin v25.3.1 - https:\/\/yoast.com\/wordpress\/plugins\/seo\/ -->\n<title>Expositions<\/title>\n<meta name=\"description\" content=\"Liste\" \/>\n<meta name=\"robots\" content=\"index, follow, max-snippet:-1, max-image-preview:large, max-video-preview:-1\" \/>\n<link rel=\"canonical\" href=\"https:\/\/www.ansara-photo.com\/?page_id=1573\" \/>\n<meta property=\"og:locale\" content=\"fr_FR\" \/>\n<meta property=\"og:type\" content=\"article\" \/>\n<meta property=\"og:title\" content=\"Expositions\" \/>\n<meta property=\"og:description\" content=\"Liste\" \/>\n<meta property=\"og:url\" content=\"https:\/\/www.ansara-photo.com\/?page_id=1573\" \/>\n<meta property=\"og:site_name\" content=\"Karin Ansara\" \/>\n<meta property=\"article:modified_time\" content=\"2026-03-29T19:44:23+00:00\" \/>\n<meta name=\"twitter:card\" content=\"summary_large_image\" \/>\n<meta name=\"twitter:label1\" content=\"Dur\u00e9e de lecture estim\u00e9e\" \/>\n\t<meta name=\"twitter:data1\" content=\"3 minutes\" \/>\n<script type=\"application\/ld+json\" class=\"yoast-schema-graph\">{\"@context\":\"https:\/\/schema.org\",\"@graph\":[{\"@type\":\"WebPage\",\"@id\":\"https:\/\/www.ansara-photo.com\/?page_id=1573\",\"url\":\"https:\/\/www.ansara-photo.com\/?page_id=1573\",\"name\":\"Expositions\",\"isPartOf\":{\"@id\":\"https:\/\/www.ansara-photo.com\/#website\"},\"datePublished\":\"2014-11-17T08:20:38+00:00\",\"dateModified\":\"2026-03-29T19:44:23+00:00\",\"description\":\"Liste\",\"breadcrumb\":{\"@id\":\"https:\/\/www.ansara-photo.com\/?page_id=1573#breadcrumb\"},\"inLanguage\":\"fr-FR\",\"potentialAction\":[{\"@type\":\"ReadAction\",\"target\":[\"https:\/\/www.ansara-photo.com\/?page_id=1573\"]}]},{\"@type\":\"BreadcrumbList\",\"@id\":\"https:\/\/www.ansara-photo.com\/?page_id=1573#breadcrumb\",\"itemListElement\":[{\"@type\":\"ListItem\",\"position\":1,\"name\":\"Home\",\"item\":\"https:\/\/www.ansara-photo.com\/\"},{\"@type\":\"ListItem\",\"position\":2,\"name\":\"Expositions\"}]},{\"@type\":\"WebSite\",\"@id\":\"https:\/\/www.ansara-photo.com\/#website\",\"url\":\"https:\/\/www.ansara-photo.com\/\",\"name\":\"www.ansara-photo.com\",\"description\":\"Photographe\",\"potentialAction\":[{\"@type\":\"SearchAction\",\"target\":{\"@type\":\"EntryPoint\",\"urlTemplate\":\"https:\/\/www.ansara-photo.com\/?s={search_term_string}\"},\"query-input\":{\"@type\":\"PropertyValueSpecification\",\"valueRequired\":true,\"valueName\":\"search_term_string\"}}],\"inLanguage\":\"fr-FR\"}]}<\/script>\n<!-- \/ Yoast SEO plugin. -->","yoast_head_json":{"title":"Expositions","description":"Liste","robots":{"index":"index","follow":"follow","max-snippet":"max-snippet:-1","max-image-preview":"max-image-preview:large","max-video-preview":"max-video-preview:-1"},"canonical":"https:\/\/www.ansara-photo.com\/?page_id=1573","og_locale":"fr_FR","og_type":"article","og_title":"Expositions","og_description":"Liste","og_url":"https:\/\/www.ansara-photo.com\/?page_id=1573","og_site_name":"Karin Ansara","article_modified_time":"2026-03-29T19:44:23+00:00","twitter_card":"summary_large_image","twitter_misc":{"Dur\u00e9e de lecture estim\u00e9e":"3 minutes"},"schema":{"@context":"https:\/\/schema.org","@graph":[{"@type":"WebPage","@id":"https:\/\/www.ansara-photo.com\/?page_id=1573","url":"https:\/\/www.ansara-photo.com\/?page_id=1573","name":"Expositions","isPartOf":{"@id":"https:\/\/www.ansara-photo.com\/#website"},"datePublished":"2014-11-17T08:20:38+00:00","dateModified":"2026-03-29T19:44:23+00:00","description":"Liste","breadcrumb":{"@id":"https:\/\/www.ansara-photo.com\/?page_id=1573#breadcrumb"},"inLanguage":"fr-FR","potentialAction":[{"@type":"ReadAction","target":["https:\/\/www.ansara-photo.com\/?page_id=1573"]}]},{"@type":"BreadcrumbList","@id":"https:\/\/www.ansara-photo.com\/?page_id=1573#breadcrumb","itemListElement":[{"@type":"ListItem","position":1,"name":"Home","item":"https:\/\/www.ansara-photo.com\/"},{"@type":"ListItem","position":2,"name":"Expositions"}]},{"@type":"WebSite","@id":"https:\/\/www.ansara-photo.com\/#website","url":"https:\/\/www.ansara-photo.com\/","name":"www.ansara-photo.com","description":"Photographe","potentialAction":[{"@type":"SearchAction","target":{"@type":"EntryPoint","urlTemplate":"https:\/\/www.ansara-photo.com\/?s={search_term_string}"},"query-input":{"@type":"PropertyValueSpecification","valueRequired":true,"valueName":"search_term_string"}}],"inLanguage":"fr-FR"}]}},"_links":{"self":[{"href":"https:\/\/www.ansara-photo.com\/index.php?rest_route=\/wp\/v2\/pages\/1573","targetHints":{"allow":["GET"]}}],"collection":[{"href":"https:\/\/www.ansara-photo.com\/index.php?rest_route=\/wp\/v2\/pages"}],"about":[{"href":"https:\/\/www.ansara-photo.com\/index.php?rest_route=\/wp\/v2\/types\/page"}],"author":[{"embeddable":true,"href":"https:\/\/www.ansara-photo.com\/index.php?rest_route=\/wp\/v2\/users\/1"}],"replies":[{"embeddable":true,"href":"https:\/\/www.ansara-photo.com\/index.php?rest_route=%2Fwp%2Fv2%2Fcomments&post=1573"}],"version-history":[{"count":88,"href":"https:\/\/www.ansara-photo.com\/index.php?rest_route=\/wp\/v2\/pages\/1573\/revisions"}],"predecessor-version":[{"id":7110,"href":"https:\/\/www.ansara-photo.com\/index.php?rest_route=\/wp\/v2\/pages\/1573\/revisions\/7110"}],"wp:attachment":[{"href":"https:\/\/www.ansara-photo.com\/index.php?rest_route=%2Fwp%2Fv2%2Fmedia&parent=1573"}],"curies":[{"name":"wp","href":"https:\/\/api.w.org\/{rel}","templated":true}]}}